{"id":1563,"date":"2025-10-22T07:12:13","date_gmt":"2025-10-22T07:12:13","guid":{"rendered":"https:\/\/www.peterplanning.es\/contacto\/"},"modified":"2026-05-04T09:59:11","modified_gmt":"2026-05-04T09:59:11","slug":"contacto-2","status":"publish","type":"page","link":"https:\/\/www.peterplanning.es\/en\/contacto-2\/","title":{"rendered":"CONTACT"},"content":{"rendered":"<p>[et_pb_section fb_built=&#8221;1&#8243; _builder_version=&#8221;4.27.5&#8243; _module_preset=&#8221;default&#8221; background_color=&#8221;#FFFFFF&#8221; custom_padding=&#8221;18px|0px|1px|||&#8221; global_colors_info=&#8221;{}&#8221; da_is_popup=&#8221;off&#8221; da_exit_intent=&#8221;off&#8221; da_has_close=&#8221;on&#8221; da_alt_close=&#8221;off&#8221; da_dark_close=&#8221;off&#8221; da_not_modal=&#8221;on&#8221; da_is_singular=&#8221;off&#8221; da_with_loader=&#8221;off&#8221; da_has_shadow=&#8221;on&#8221; da_disable_devices=&#8221;off|off|off&#8221;][et_pb_row _builder_version=&#8221;4.27.4&#8243; _module_preset=&#8221;default&#8221; global_colors_info=&#8221;{}&#8221;][et_pb_column type=&#8221;4_4&#8243; _builder_version=&#8221;4.27.4&#8243; _module_preset=&#8221;default&#8221; global_colors_info=&#8221;{}&#8221;][et_pb_text _builder_version=&#8221;4.27.5&#8243; _module_preset=&#8221;default&#8221; text_font=&#8221;Playfair Display|700|||||||&#8221; text_text_color=&#8221;#fc4700&#8243; text_font_size=&#8221;84px&#8221; text_line_height=&#8221;1.1em&#8221; width=&#8221;100%&#8221; text_font_size_tablet=&#8221;61px&#8221; text_font_size_phone=&#8221;59px&#8221; text_font_size_last_edited=&#8221;on|phone&#8221; global_colors_info=&#8221;{}&#8221;]<\/p>\n<p><span style=\"color: #ffffff;\"><span style=\"color: #000000;\">\u00bfListo para planificar el<\/span> <\/span><span style=\"color: #ff0000;\">siguiente paso?<\/span><\/p>\n<p>[\/et_pb_text][et_pb_text _builder_version=&#8221;4.27.5&#8243; _module_preset=&#8221;default&#8221; text_font=&#8221;&#8211;et_global_body_font||||||||&#8221; text_text_color=&#8221;#000000&#8243; text_font_size=&#8221;27px&#8221; text_line_height=&#8221;1.2em&#8221; text_font_size_tablet=&#8221;23px&#8221; text_font_size_phone=&#8221;21px&#8221; text_font_size_last_edited=&#8221;on|phone&#8221; text_line_height_tablet=&#8221;1.2em&#8221; text_line_height_phone=&#8221;1.2em&#8221; text_line_height_last_edited=&#8221;on|tablet&#8221; text_orientation_tablet=&#8221;left&#8221; text_orientation_phone=&#8221;&#8221; text_orientation_last_edited=&#8221;on|desktop&#8221; global_colors_info=&#8221;{}&#8221;]<\/p>\n<p><span style=\"font-weight: 400;\">Cu\u00e9ntanos tu reto y juntos dise\u00f1aremos tu pr\u00f3xima estrategia.<\/span><\/p>\n<p>[\/et_pb_text][\/et_pb_column][\/et_pb_row][et_pb_row column_structure=&#8221;1_2,1_2&#8243; _builder_version=&#8221;4.27.4&#8243; _module_preset=&#8221;default&#8221; custom_margin=&#8221;28px|auto||auto||&#8221; custom_padding=&#8221;0px||46px|||&#8221; global_colors_info=&#8221;{}&#8221;][et_pb_column type=&#8221;1_2&#8243; _builder_version=&#8221;4.27.4&#8243; _module_preset=&#8221;default&#8221; global_colors_info=&#8221;{}&#8221;][et_pb_text _builder_version=&#8221;4.27.5&#8243; _module_preset=&#8221;default&#8221; text_font=&#8221;&#8211;et_global_body_font|200|||||||&#8221; text_text_color=&#8221;#000000&#8243; text_font_size=&#8221;18px&#8221; text_letter_spacing=&#8221;1px&#8221; text_line_height=&#8221;1.8em&#8221; custom_margin=&#8221;||37px|||&#8221; text_font_size_tablet=&#8221;18px&#8221; text_font_size_phone=&#8221;17px&#8221; text_font_size_last_edited=&#8221;on|desktop&#8221; text_line_height_tablet=&#8221;1.5em&#8221; text_line_height_phone=&#8221;1.5em&#8221; text_line_height_last_edited=&#8221;on|tablet&#8221; global_colors_info=&#8221;{}&#8221;]<\/p>\n<p><span style=\"font-weight: 400;\">Cada proyecto empieza con una conversaci\u00f3n, una idea o un reto que merece una estrategia a su medida.<\/span><\/p>\n<p><span style=\"font-weight: 400;\">En Peter Planning estamos preparados para escucharte, analizar tu contexto y dise\u00f1ar contigo una hoja de ruta que transforme los objetivos en resultados.<\/span><\/p>\n<p><span style=\"font-weight: 400;\">Ya sea una marca que busca crecer, un lanzamiento internacional o la optimizaci\u00f3n de tu inversi\u00f3n en medios, nos encantar\u00e1 conocer tu historia.<\/span><\/p>\n<p><span style=\"font-weight: 400;\">Trabajamos con marcas que quieran <\/span><b>imaginar, planificar y crecer<\/b><span style=\"font-weight: 400;\">, con visi\u00f3n global y mentalidad estrat\u00e9gica.<\/span><\/p>\n<p>[\/et_pb_text][\/et_pb_column][et_pb_column type=&#8221;1_2&#8243; _builder_version=&#8221;4.27.4&#8243; _module_preset=&#8221;default&#8221; global_colors_info=&#8221;{}&#8221;][et_pb_contact_form captcha=&#8221;off&#8221; email=&#8221;hola@peterplanning.es&#8221; use_redirect=&#8221;on&#8221; redirect_url=&#8221;hola@peterplanning.es&#8221; _builder_version=&#8221;4.27.5&#8243; _module_preset=&#8221;default&#8221; _unique_id=&#8221;d6bf4593-1e0f-4a5b-9266-2a7643cd4504&#8243; form_field_background_color=&#8221;#FFFFFF&#8221; form_field_text_color=&#8221;#b2b2b2&#8243; form_field_focus_background_color=&#8221;rgba(183,183,183,0)&#8221; title_font_size=&#8221;27px&#8221; title_letter_spacing=&#8221;1px&#8221; form_field_font=&#8221;&#8211;et_global_body_font||||||||&#8221; form_field_font_size=&#8221;14px&#8221; form_field_letter_spacing=&#8221;1px&#8221; custom_button=&#8221;on&#8221; button_text_color=&#8221;#000000&#8243; button_bg_color=&#8221;#fc6023&#8243; button_border_width=&#8221;1px&#8221; button_border_radius=&#8221;22px&#8221; button_font=&#8221;&#8211;et_global_body_font||||||||&#8221; button_icon_color=&#8221;#000000&#8243; button_custom_margin=&#8221;22px||||false|false&#8221; button_custom_margin_tablet=&#8221;14px||||false|false&#8221; button_custom_margin_phone=&#8221;14px||||false|false&#8221; button_custom_margin_last_edited=&#8221;on|phone&#8221; button_custom_padding=&#8221;|96px||96px|false|true&#8221; button_custom_padding_tablet=&#8221;|108px||108px|false|true&#8221; button_custom_padding_phone=&#8221;|128px||128px|false|true&#8221; button_custom_padding_last_edited=&#8221;on|phone&#8221; width=&#8221;100%&#8221; max_width=&#8221;100%&#8221; module_alignment=&#8221;center&#8221; custom_padding=&#8221;|0px||||&#8221; button_text_size_tablet=&#8221;20px&#8221; button_text_size_phone=&#8221;20px&#8221; button_text_size_last_edited=&#8221;on|phone&#8221; border_color_all=&#8221;#828282&#8243; border_width_bottom=&#8221;2px&#8221; border_color_bottom=&#8221;#bababa&#8221; border_width_left=&#8221;1px&#8221; box_shadow_style=&#8221;preset3&#8243; box_shadow_vertical=&#8221;15px&#8221; global_colors_info=&#8221;{}&#8221;][et_pb_contact_field field_id=&#8221;Nombre&#8221; field_title=&#8221;Nombre&#8221; fullwidth_field=&#8221;on&#8221; _builder_version=&#8221;4.27.5&#8243; _module_preset=&#8221;default&#8221; global_colors_info=&#8221;{}&#8221;][\/et_pb_contact_field][et_pb_contact_field field_id=&#8221;Correo_electr\u00f3nico&#8221; field_title=&#8221;Correo electr\u00f3nico&#8221; fullwidth_field=&#8221;on&#8221; _builder_version=&#8221;4.27.5&#8243; _module_preset=&#8221;default&#8221; global_colors_info=&#8221;{}&#8221;][\/et_pb_contact_field][et_pb_contact_field field_id=&#8221;Empresa&#8221; field_title=&#8221;Empresa&#8221; required_mark=&#8221;off&#8221; fullwidth_field=&#8221;on&#8221; _builder_version=&#8221;4.27.5&#8243; _module_preset=&#8221;default&#8221; global_colors_info=&#8221;{}&#8221;][\/et_pb_contact_field][et_pb_contact_field field_id=&#8221;Message&#8221; field_title=&#8221;Mensaje&#8221; field_type=&#8221;text&#8221; fullwidth_field=&#8221;on&#8221; _builder_version=&#8221;4.27.5&#8243; height=&#8221;214px&#8221; height_tablet=&#8221;214px&#8221; height_phone=&#8221;214px&#8221; height_last_edited=&#8221;on|phone&#8221; custom_padding=&#8221;11px||||false|false&#8221; custom_padding_tablet=&#8221;11px||||false|false&#8221; custom_padding_phone=&#8221;11px||||false|false&#8221; custom_padding_last_edited=&#8221;on|tablet&#8221; global_colors_info=&#8221;{}&#8221; button_text_size__hover_enabled=&#8221;off&#8221; button_one_text_size__hover_enabled=&#8221;off&#8221; button_two_text_size__hover_enabled=&#8221;off&#8221; button_text_color__hover_enabled=&#8221;off&#8221; button_one_text_color__hover_enabled=&#8221;off&#8221; button_two_text_color__hover_enabled=&#8221;off&#8221; button_border_width__hover_enabled=&#8221;off&#8221; button_one_border_width__hover_enabled=&#8221;off&#8221; button_two_border_width__hover_enabled=&#8221;off&#8221; button_border_color__hover_enabled=&#8221;off&#8221; button_one_border_color__hover_enabled=&#8221;off&#8221; button_two_border_color__hover_enabled=&#8221;off&#8221; button_border_radius__hover_enabled=&#8221;off&#8221; button_one_border_radius__hover_enabled=&#8221;off&#8221; button_two_border_radius__hover_enabled=&#8221;off&#8221; button_letter_spacing__hover_enabled=&#8221;off&#8221; button_one_letter_spacing__hover_enabled=&#8221;off&#8221; button_two_letter_spacing__hover_enabled=&#8221;off&#8221; button_bg_color__hover_enabled=&#8221;off&#8221; button_one_bg_color__hover_enabled=&#8221;off&#8221; button_two_bg_color__hover_enabled=&#8221;off&#8221;][\/et_pb_contact_field][\/et_pb_contact_form][\/et_pb_column][\/et_pb_row][\/et_pb_section][et_pb_section fb_built=&#8221;1&#8243; _builder_version=&#8221;4.27.5&#8243; _module_preset=&#8221;default&#8221; background_color=&#8221;#FFFFFF&#8221; custom_margin=&#8221;-1px|||||&#8221; custom_padding=&#8221;0px||1px|||&#8221; global_colors_info=&#8221;{}&#8221; da_is_popup=&#8221;off&#8221; da_exit_intent=&#8221;off&#8221; da_has_close=&#8221;on&#8221; da_alt_close=&#8221;off&#8221; da_dark_close=&#8221;off&#8221; da_not_modal=&#8221;on&#8221; da_is_singular=&#8221;off&#8221; da_with_loader=&#8221;off&#8221; da_has_shadow=&#8221;on&#8221; da_disable_devices=&#8221;off|off|off&#8221;][et_pb_row _builder_version=&#8221;4.27.4&#8243; _module_preset=&#8221;default&#8221; custom_margin=&#8221;|auto|5px|auto||&#8221; custom_padding=&#8221;39px|||||&#8221; global_colors_info=&#8221;{}&#8221;][et_pb_column type=&#8221;4_4&#8243; _builder_version=&#8221;4.27.4&#8243; _module_preset=&#8221;default&#8221; global_colors_info=&#8221;{}&#8221;][et_pb_text _builder_version=&#8221;4.27.5&#8243; _module_preset=&#8221;default&#8221; text_font=&#8221;&#8211;et_global_body_font||||||||&#8221; text_font_size=&#8221;26px&#8221; custom_margin=&#8221;||-3px|||&#8221; global_colors_info=&#8221;{}&#8221;]<\/p>\n<p>Si prefieres contactar directamente con:<\/p>\n<p>[\/et_pb_text][\/et_pb_column][\/et_pb_row][et_pb_row column_structure=&#8221;2_5,3_5&#8243; use_custom_gutter=&#8221;on&#8221; gutter_width=&#8221;1&#8243; make_equal=&#8221;on&#8221; custom_padding_last_edited=&#8221;on|desktop&#8221; _builder_version=&#8221;4.27.5&#8243; _module_preset=&#8221;default&#8221; custom_padding=&#8221;30px||30px||true|false&#8221; custom_padding_tablet=&#8221;23px||||false|false&#8221; custom_padding_phone=&#8221;10px||||false|false&#8221; global_colors_info=&#8221;{}&#8221;][et_pb_column type=&#8221;2_5&#8243; _builder_version=&#8221;4.27.4&#8243; _module_preset=&#8221;default&#8221; global_colors_info=&#8221;{}&#8221;][et_pb_text _builder_version=&#8221;4.27.5&#8243; _module_preset=&#8221;default&#8221; text_font=&#8221;&#8211;et_global_body_font|700|||||||&#8221; text_font_size=&#8221;21px&#8221; text_line_height=&#8221;1.1em&#8221; custom_padding=&#8221;6px||||false|false&#8221; custom_padding_tablet=&#8221;0px||||false|false&#8221; custom_padding_phone=&#8221;0px||||false|false&#8221; custom_padding_last_edited=&#8221;on|desktop&#8221; text_font_size_tablet=&#8221;21px&#8221; text_font_size_phone=&#8221;21px&#8221; text_font_size_last_edited=&#8221;on|phone&#8221; global_colors_info=&#8221;{}&#8221;]<\/p>\n<p><strong>Comercial y Nuevos Proyectos<\/strong><\/p>\n<p>[\/et_pb_text][et_pb_text _builder_version=&#8221;4.27.5&#8243; _module_preset=&#8221;default&#8221; text_font=&#8221;&#8211;et_global_body_font||||||||&#8221; text_font_size=&#8221;20px&#8221; text_line_height=&#8221;0.5em&#8221; custom_padding=&#8221;19px||49px||false|false&#8221; global_colors_info=&#8221;{}&#8221;]<\/p>\n<p>Carlos Medina<\/p>\n<p><span>Client Services Director<\/span><\/p>\n<p><a href=\"mailto:c.medina@peterplanning.es\" target=\"_blank\" rel=\"noopener\">c.medina@peterplanning.es<\/a><\/p>\n<p>[\/et_pb_text][et_pb_divider color=&#8221;#aaaaaa&#8221; divider_weight=&#8221;2px&#8221; _builder_version=&#8221;4.27.5&#8243; _module_preset=&#8221;default&#8221; global_colors_info=&#8221;{}&#8221;][\/et_pb_divider][et_pb_text _builder_version=&#8221;4.27.4&#8243; _module_preset=&#8221;default&#8221; text_font=&#8221;&#8211;et_global_body_font|700|||||||&#8221; text_font_size=&#8221;21px&#8221; text_line_height=&#8221;1.1em&#8221; custom_padding=&#8221;21px||||false|false&#8221; custom_padding_tablet=&#8221;0px||||false|false&#8221; custom_padding_phone=&#8221;0px||||false|false&#8221; custom_padding_last_edited=&#8221;on|desktop&#8221; text_font_size_tablet=&#8221;21px&#8221; text_font_size_phone=&#8221;21px&#8221; text_font_size_last_edited=&#8221;on|phone&#8221; global_colors_info=&#8221;{}&#8221;]<\/p>\n<p><strong>Consultor\u00eda Estrat\u00e9gica y Medios<\/strong><\/p>\n<p>[\/et_pb_text][et_pb_text _builder_version=&#8221;4.27.5&#8243; _module_preset=&#8221;default&#8221; text_font=&#8221;&#8211;et_global_body_font||||||||&#8221; text_font_size=&#8221;20px&#8221; text_line_height=&#8221;0.5em&#8221; custom_padding=&#8221;23px||49px||false|false&#8221; global_colors_info=&#8221;{}&#8221;]<\/p>\n<p>Sara Peraza<\/p>\n<p>Operations Manager<\/p>\n<p><a href=\"mailto:s.peraza@peterplanning.es\" target=\"_blank\" rel=\"noopener\">s.peraza@peterplanning.es<\/a><\/p>\n<p>[\/et_pb_text][et_pb_divider color=&#8221;#aaaaaa&#8221; divider_weight=&#8221;2px&#8221; _builder_version=&#8221;4.27.5&#8243; _module_preset=&#8221;default&#8221; global_colors_info=&#8221;{}&#8221;][\/et_pb_divider][et_pb_text _builder_version=&#8221;4.27.4&#8243; _module_preset=&#8221;default&#8221; text_font=&#8221;&#8211;et_global_body_font|700|||||||&#8221; text_font_size=&#8221;21px&#8221; text_line_height=&#8221;1.1em&#8221; custom_padding=&#8221;21px||||false|false&#8221; custom_padding_tablet=&#8221;0px||||false|false&#8221; custom_padding_phone=&#8221;0px||||false|false&#8221; custom_padding_last_edited=&#8221;on|desktop&#8221; text_font_size_tablet=&#8221;21px&#8221; text_font_size_phone=&#8221;21px&#8221; text_font_size_last_edited=&#8221;on|phone&#8221; global_colors_info=&#8221;{}&#8221;]<\/p>\n<p><strong>Internacional \/ Global<\/strong><\/p>\n<p>[\/et_pb_text][et_pb_text _builder_version=&#8221;4.27.5&#8243; _module_preset=&#8221;default&#8221; text_font=&#8221;&#8211;et_global_body_font||||||||&#8221; text_font_size=&#8221;20px&#8221; text_line_height=&#8221;0.5em&#8221; custom_padding=&#8221;24px||49px||false|false&#8221; text_line_height_tablet=&#8221;0.5em&#8221; text_line_height_phone=&#8221;1.2em&#8221; text_line_height_last_edited=&#8221;on|phone&#8221; global_colors_info=&#8221;{}&#8221;]<\/p>\n<p>M\u00f3nica Nicieza<\/p>\n<p>Business Development Manager<\/p>\n<p><a href=\"mailto:m.nicieza@peterplanning.com\" target=\"_blank\" rel=\"noopener\">m.nicieza@peterplanning.com<\/a><\/p>\n<p>[\/et_pb_text][et_pb_divider color=&#8221;#aaaaaa&#8221; divider_weight=&#8221;2px&#8221; _builder_version=&#8221;4.27.5&#8243; _module_preset=&#8221;default&#8221; custom_padding=&#8221;||28px|||&#8221; global_colors_info=&#8221;{}&#8221;][\/et_pb_divider][\/et_pb_column][et_pb_column type=&#8221;3_5&#8243; _builder_version=&#8221;4.27.5&#8243; _module_preset=&#8221;default&#8221; custom_padding=&#8221;0px|0px|0px|0px|true|true&#8221; custom_padding_tablet=&#8221;|||0px|false|false&#8221; custom_padding_phone=&#8221;|||0px|false|false&#8221; custom_padding_last_edited=&#8221;on|desktop&#8221; global_colors_info=&#8221;{}&#8221;][et_pb_image src=&#8221;https:\/\/www.peterplanning.es\/wp-content\/uploads\/2026\/02\/mapa-con-dos.png&#8221; title_text=&#8221;mapa con dos&#8221; url=&#8221;https:\/\/maps.app.goo.gl\/BPSaVTfBChssreJ58&#8243; url_new_window=&#8221;on&#8221; show_bottom_space=&#8221;off&#8221; align=&#8221;center&#8221; align_tablet=&#8221;&#8221; align_phone=&#8221;left&#8221; align_last_edited=&#8221;on|phone&#8221; _builder_version=&#8221;4.27.5&#8243; _module_preset=&#8221;default&#8221; width=&#8221;100%&#8221; width_tablet=&#8221;100%&#8221; width_phone=&#8221;100%&#8221; width_last_edited=&#8221;on|phone&#8221; max_width=&#8221;100%&#8221; module_alignment=&#8221;center&#8221; custom_margin=&#8221;0px|0px|0px|0px|true|true&#8221; custom_padding=&#8221;0px|0px|0px|0px|true|true&#8221; global_colors_info=&#8221;{}&#8221;][\/et_pb_image][\/et_pb_column][\/et_pb_row][\/et_pb_section][et_pb_section fb_built=&#8221;1&#8243; custom_padding_last_edited=&#8221;on|phone&#8221; prev_background_color=&#8221;#FFFFFF&#8221; _builder_version=&#8221;4.27.5&#8243; _module_preset=&#8221;default&#8221; background_image=&#8221;https:\/\/www.peterplanning.es\/wp-content\/uploads\/2026\/02\/m-fondo_0012_Relleno-generativo-5-scaled.jpg&#8221; width=&#8221;100%&#8221; width_tablet=&#8221;100%&#8221; width_phone=&#8221;100%&#8221; width_last_edited=&#8221;on|tablet&#8221; max_width=&#8221;103%&#8221; module_alignment=&#8221;center&#8221; min_height=&#8221;296px&#8221; min_height_tablet=&#8221;252px&#8221; min_height_phone=&#8221;248px&#8221; min_height_last_edited=&#8221;on|desktop&#8221; height=&#8221;188px&#8221; custom_margin=&#8221;62px||||false|false&#8221; custom_padding=&#8221;0px||0px||true|false&#8221; custom_padding_tablet=&#8221;0px||0px||true|false&#8221; custom_padding_phone=&#8221;0px||0px||true|false&#8221; top_divider_style=&#8221;wave2&#8243; top_divider_repeat=&#8221;1x&#8221; global_colors_info=&#8221;{}&#8221; da_is_popup=&#8221;off&#8221; da_exit_intent=&#8221;off&#8221; da_has_close=&#8221;on&#8221; da_alt_close=&#8221;off&#8221; da_dark_close=&#8221;off&#8221; da_not_modal=&#8221;on&#8221; da_is_singular=&#8221;off&#8221; da_with_loader=&#8221;off&#8221; da_has_shadow=&#8221;on&#8221; da_disable_devices=&#8221;off|off|off&#8221;][\/et_pb_section]<\/p>\n","protected":false},"excerpt":{"rendered":"<p>\u00bfListo para planificar el siguiente paso? Cu\u00e9ntanos tu reto y juntos dise\u00f1aremos tu pr\u00f3xima estrategia. Cada proyecto empieza con una conversaci\u00f3n, una idea o un reto que merece una estrategia a su medida. En Peter Planning estamos preparados para escucharte, analizar tu contexto y dise\u00f1ar contigo una hoja de ruta que transforme los objetivos en [&hellip;]<\/p>\n","protected":false},"author":1,"featured_media":0,"parent":0,"menu_order":0,"comment_status":"closed","ping_status":"closed","template":"","meta":{"_et_pb_use_builder":"on","_et_pb_old_content":"","_et_gb_content_width":"","inline_featured_image":false,"_exactmetrics_skip_tracking":false,"_exactmetrics_sitenote_active":false,"_exactmetrics_sitenote_note":"","_exactmetrics_sitenote_category":0,"footnotes":""},"class_list":["post-1563","page","type-page","status-publish","hentry"],"_links":{"self":[{"href":"https:\/\/www.peterplanning.es\/en\/wp-json\/wp\/v2\/pages\/1563","targetHints":{"allow":["GET"]}}],"collection":[{"href":"https:\/\/www.peterplanning.es\/en\/wp-json\/wp\/v2\/pages"}],"about":[{"href":"https:\/\/www.peterplanning.es\/en\/wp-json\/wp\/v2\/types\/page"}],"author":[{"embeddable":true,"href":"https:\/\/www.peterplanning.es\/en\/wp-json\/wp\/v2\/users\/1"}],"replies":[{"embeddable":true,"href":"https:\/\/www.peterplanning.es\/en\/wp-json\/wp\/v2\/comments?post=1563"}],"version-history":[{"count":16,"href":"https:\/\/www.peterplanning.es\/en\/wp-json\/wp\/v2\/pages\/1563\/revisions"}],"predecessor-version":[{"id":1924,"href":"https:\/\/www.peterplanning.es\/en\/wp-json\/wp\/v2\/pages\/1563\/revisions\/1924"}],"wp:attachment":[{"href":"https:\/\/www.peterplanning.es\/en\/wp-json\/wp\/v2\/media?parent=1563"}],"curies":[{"name":"wp","href":"https:\/\/api.w.org\/{rel}","templated":true}]}}